{"id":85850,"date":"2025-10-03T09:11:27","date_gmt":"2025-10-03T13:11:27","guid":{"rendered":"https:\/\/georgiabulletin.org\/?page_id=85850"},"modified":"2025-07-10T11:16:57","modified_gmt":"2025-07-10T15:16:57","slug":"podcasts","status":"publish","type":"page","link":"https:\/\/georgiabulletin.org\/es\/podcasts\/","title":{"rendered":"Podcasts sobre noticias cat\u00f3licas y fe"},"content":{"rendered":"<p>Mant\u00e9nte conectado con las noticias cat\u00f3licas a trav\u00e9s de los podcasts de The Georgia Bulletin. Cada episodio comparte historias que nos unen, incluyendo noticias locales, testimonios y reflexiones espirituales.<\/p>\n<ul>\n<li><strong><a href=\"#hablemos-de-fe\">Hablemos de Fe<\/a><\/strong> \u2013 Podcast en espa\u00f1ol con nuevos episodios los jueves<\/li>\n<li><a href=\"#english-podcast\">El podcast en ingl\u00e9s estar\u00e1 disponible en noviembre de 2025<\/a><\/li>\n<\/ul>\n<p>Escucha en su plataforma de podcast favorita o aqu\u00ed en nuestro sitio web.<\/p>\n<h2 id=\"hablemos-de-fe\">Hablemos de Fe<\/h2>\n<p>Bienvenidos a <strong>Hablemos de Fe<\/strong>, un podcast semanal de The Georgia Bulletin donde la Iglesia Cat\u00f3lica se conecta con la comunidad. Descubre las noticias, eventos y testimonios actuales que iluminan la vida de cat\u00f3licos en el norte y centro de Georgia, y en el mundo. Desde l\u00edderes parroquiales hasta feligreses comprometidos con su fe, descubre c\u00f3mo el Esp\u00edritu Santo est\u00e1 obrando en la Arquidi\u00f3cesis de Atlanta.<\/p>\n<p><a href=\"https:\/\/www.whatsapp.com\/channel\/0029VbBG7A7Lo4hhp8EeDG2l\" target=\"_blank\" rel=\"noopener\">\u00danete a nuestro canal de WhatsApp<\/a><\/p>\n<div style=\"width: 100%; height: 600px; margin-bottom: 20px; border-radius: 6px; overflow: hidden;\">\n<p><iframe style=\"width: 100%; height: 600px;\" data-src=\"https:\/\/player.captivate.fm\/show\/c816e16c-1537-4a44-bc25-95572b7bfcf0\" frameborder=\"no\" scrolling=\"no\" seamless=\"\" data-mce-fragment=\"1\" src=\"data:image\/svg+xml;base64,PHN2ZyB3aWR0aD0iMSIgaGVpZ2h0PSIxIiB4bWxucz0iaHR0cDovL3d3dy53My5vcmcvMjAwMC9zdmciPjwvc3ZnPg==\" class=\"lazyload\" data-load-mode=\"1\"><\/iframe><\/p>\n<\/div>\n<h2>El podcast en ingl\u00e9s estar\u00e1\u00a0disponible en noviembre de 2025<\/h2>\n<p>Vuelve a visitarnos para obtener m\u00e1s informaci\u00f3n en noviembre.<\/p>\n<div class=\"gab-content-809x120px gab-entity-placement\" id=\"gab-2307373749\"><div class=\"gab-adlabel\">Advertisement<\/div><div id=\"gab-167401921\" style=\"margin-top: 2px;margin-right: 2px;margin-bottom: 2px;margin-left: 2px;\"><a data-bid=\"1\" data-no-instant=\"1\" href=\"https:\/\/georgiabulletin.org\/es\/linkout\/77915\/\" rel=\"noopener\" class=\"notrack\" target=\"_blank\" aria-label=\"SoutheastChurchContentBanner\"><img src=\"https:\/\/b463404.smushcdn.com\/463404\/wp-content\/uploads\/2014\/04\/SoutheastChurchContentBanner-1.jpg?lossy=2&strip=1&webp=1\" alt=\"\"  srcset=\"https:\/\/b463404.smushcdn.com\/463404\/wp-content\/uploads\/2014\/04\/SoutheastChurchContentBanner-1.jpg?lossy=2&strip=1&webp=1 695w, https:\/\/b463404.smushcdn.com\/463404\/wp-content\/uploads\/2014\/04\/SoutheastChurchContentBanner-1-194x27.jpg?lossy=2&strip=1&webp=1 194w, https:\/\/b463404.smushcdn.com\/463404\/wp-content\/uploads\/2014\/04\/SoutheastChurchContentBanner-1-296x40.jpg?lossy=2&strip=1&webp=1 296w, https:\/\/b463404.smushcdn.com\/463404\/wp-content\/uploads\/2014\/04\/SoutheastChurchContentBanner-1-375x51.jpg?lossy=2&strip=1&webp=1 375w, https:\/\/b463404.smushcdn.com\/463404\/wp-content\/uploads\/2014\/04\/SoutheastChurchContentBanner-1-400x55.jpg?lossy=2&strip=1&webp=1 400w, https:\/\/b463404.smushcdn.com\/463404\/wp-content\/uploads\/2014\/04\/SoutheastChurchContentBanner-1-300x41.jpg?lossy=2&strip=1&webp=1 300w, https:\/\/b463404.smushcdn.com\/463404\/wp-content\/uploads\/2014\/04\/SoutheastChurchContentBanner-1-660x90.jpg?lossy=2&strip=1&webp=1 660w, https:\/\/b463404.smushcdn.com\/463404\/wp-content\/uploads\/2014\/04\/SoutheastChurchContentBanner-1-125x17.jpg?lossy=2&strip=1&webp=1 125w, https:\/\/b463404.smushcdn.com\/463404\/wp-content\/uploads\/2014\/04\/SoutheastChurchContentBanner-1-150x21.jpg?lossy=2&strip=1&webp=1 150w, https:\/\/b463404.smushcdn.com\/463404\/wp-content\/uploads\/2014\/04\/SoutheastChurchContentBanner-1-250x34.jpg?lossy=2&strip=1&webp=1 250w\" sizes=\"(max-width: 695px) 100vw, 695px\" class=\"no-lazyload\" width=\"695\" height=\"95\"  style=\" max-width: 100%; height: auto;\" \/><\/a><\/div><\/div>","protected":false},"excerpt":{"rendered":"<p>Mant\u00e9nte conectado con las noticias cat\u00f3licas a trav\u00e9s de los podcasts de The Georgia Bulletin. Cada episodio comparte historias que nos unen, incluyendo noticias locales, testimonios y reflexiones espirituales. Hablemos de Fe \u2013 Podcast en espa\u00f1ol con nuevos episodios los jueves El podcast en ingl\u00e9s estar\u00e1 disponible en noviembre de 2025 Escucha en su plataforma [&hellip;] <a class=\"read-more first\" href=\"https:\/\/georgiabulletin.org\/podcasts\/\">Full&nbsp;Story<\/a>&nbsp;<span class=\"separator\">|<\/span>&nbsp;<a class=\"read-more\" href=\"https:\/\/georgiabulletin.org\/es\/podcasts\/\">En&nbsp;Espa&ntilde;ol<\/a><\/p>\n","protected":false},"author":23,"featured_media":0,"parent":0,"menu_order":0,"comment_status":"closed","ping_status":"closed","template":"","meta":{"_acf_changed":false,"_monsterinsights_skip_tracking":false,"_monsterinsights_sitenote_active":false,"_monsterinsights_sitenote_note":"","_monsterinsights_sitenote_category":0,"ngg_post_thumbnail":0,"iawp_total_views":140,"footnotes":""},"class_list":["post-85850","page","type-page","status-publish","hentry"],"acf":[],"_links":{"self":[{"href":"https:\/\/georgiabulletin.org\/es\/wp-json\/wp\/v2\/pages\/85850","targetHints":{"allow":["GET"]}}],"collection":[{"href":"https:\/\/georgiabulletin.org\/es\/wp-json\/wp\/v2\/pages"}],"about":[{"href":"https:\/\/georgiabulletin.org\/es\/wp-json\/wp\/v2\/types\/page"}],"author":[{"embeddable":true,"href":"https:\/\/georgiabulletin.org\/es\/wp-json\/wp\/v2\/users\/23"}],"replies":[{"embeddable":true,"href":"https:\/\/georgiabulletin.org\/es\/wp-json\/wp\/v2\/comments?post=85850"}],"version-history":[{"count":0,"href":"https:\/\/georgiabulletin.org\/es\/wp-json\/wp\/v2\/pages\/85850\/revisions"}],"wp:attachment":[{"href":"https:\/\/georgiabulletin.org\/es\/wp-json\/wp\/v2\/media?parent=85850"}],"curies":[{"name":"wp","href":"https:\/\/api.w.org\/{rel}","templated":true}]}}