{"id":85603,"date":"2013-07-26T12:00:02","date_gmt":"2013-07-26T16:00:02","guid":{"rendered":"https:\/\/georgiabulletin.org\/?page_id=85603"},"modified":"2025-06-05T16:41:39","modified_gmt":"2025-06-05T20:41:39","slug":"anuncios","status":"publish","type":"page","link":"https:\/\/georgiabulletin.org\/es\/anuncios\/","title":{"rendered":"Anuncios"},"content":{"rendered":"<p><!--:en--><em>The Georgia Bulletin<\/em> es la fuente de noticias cat\u00f3licas oficial de la Arquidi\u00f3cesis de Atlanta, la cual cubre el medio y norte de Georgia. La mayor parte de su circulaci\u00f3n se concentra en el \u00e1rea metropolitana de Atlanta. Actualmente, nuestra circulaci\u00f3n supera los 64,000 hogares.<\/p>\n<p>La edici\u00f3n impresa se publica dos veces al mes, los jueves, durante todo el a\u00f1o. La fecha l\u00edmite para publicar anuncios es el mediod\u00eda del jueves anterior a su publicaci\u00f3n.<\/p>\n<p>Para preguntas sobre publicidad o para colocar un anuncio, comun\u00edquese con el departamento de ventas:<\/p>\n<p><strong>Tom Aisthorpe<br \/>\n<\/strong><strong>TAisthorpe@georgiabulletin.org<br \/>\n<\/strong><strong>404-920-7441<\/strong><\/p>\n<h3>Tarifas y plazos:<\/h3>\n<ul>\n<li><a href=\"https:\/\/georgiabulletin.org\/wp-content\/uploads\/2019\/08\/rates.pdf\" rel=\"\">Hoja de tarifas<\/a><\/li>\n<li><a href=\"https:\/\/georgiabulletin.org\/wp-content\/uploads\/2025\/01\/Publication-Schedule-2025-2026.pdf\" rel=\"\">Fechas de publicaci\u00f3n y plazos<\/a><\/li>\n<li><a href=\"https:\/\/georgiabulletin.org\/wp-content\/uploads\/2025\/01\/2025_2026_Advertising-Package.pdf\" rel=\"\">Paquete publicitario<\/a><\/li>\n<li><a href=\"https:\/\/georgiabulletin.org\/wp-content\/uploads\/2019\/05\/In-House-Rates.pdf\" rel=\"\">Hoja de tarifas para iglesias\/escuelas arquidiocesanas <\/a><\/li>\n<\/ul>\n<p><a href=\"https:\/\/www.eservicepayments.com\/cgi-bin\/Vanco_ver3.vps?appver3=Dc8dzPGn4-LCajFevTkh9BzeTILl_5WfS-ljtnqe7yJ-GRujFDx7PDYCoiG3O8J3kOQOejZNKZBkilCEu4jVHTtJ-W9xvn8ilsX8TWDZguWOMEb3V2_93TDfnCtwpza7muPzhYDl3ys7bJXJ82owEI9us03TnTogltnxK3thJNw=&amp;ver=3\"><img decoding=\"async\" class=\"alignnone wp-image-12844 size-full lazyload\" data-src=\"https:\/\/b463404.smushcdn.com\/463404\/wp-content\/uploads\/2013\/07\/make_a_payment_red.png?lossy=2&strip=1&webp=1\" alt=\"haga_un_pago_red\" width=\"150\" height=\"41\" data-srcset=\"https:\/\/b463404.smushcdn.com\/463404\/wp-content\/uploads\/2013\/07\/make_a_payment_red.png?lossy=2&strip=1&webp=1 150w, https:\/\/b463404.smushcdn.com\/463404\/wp-content\/uploads\/2013\/07\/make_a_payment_red-125x34.png?lossy=2&strip=1&webp=1 125w\" data-sizes=\"auto\" src=\"data:image\/svg+xml;base64,PHN2ZyB3aWR0aD0iMSIgaGVpZ2h0PSIxIiB4bWxucz0iaHR0cDovL3d3dy53My5vcmcvMjAwMC9zdmciPjwvc3ZnPg==\" style=\"--smush-placeholder-width: 150px; --smush-placeholder-aspect-ratio: 150\/41;\" data-original-sizes=\"(max-width: 150px) 100vw, 150px\" \/><\/a><\/p>\n<div class=\"gab-content-809x120px gab-entity-placement\" id=\"gab-4177238724\"><div class=\"gab-adlabel\">Advertisement<\/div><div id=\"gab-1656212537\" style=\"margin-top: 2px;margin-right: 2px;margin-bottom: 2px;margin-left: 2px;\"><a data-bid=\"1\" data-no-instant=\"1\" href=\"https:\/\/georgiabulletin.org\/es\/linkout\/77915\/\" rel=\"noopener\" class=\"notrack\" target=\"_blank\" aria-label=\"SoutheastChurchContentBanner\"><img src=\"https:\/\/b463404.smushcdn.com\/463404\/wp-content\/uploads\/2014\/04\/SoutheastChurchContentBanner-1.jpg?lossy=2&strip=1&webp=1\" alt=\"\"  srcset=\"https:\/\/b463404.smushcdn.com\/463404\/wp-content\/uploads\/2014\/04\/SoutheastChurchContentBanner-1.jpg?lossy=2&strip=1&webp=1 695w, https:\/\/b463404.smushcdn.com\/463404\/wp-content\/uploads\/2014\/04\/SoutheastChurchContentBanner-1-194x27.jpg?lossy=2&strip=1&webp=1 194w, https:\/\/b463404.smushcdn.com\/463404\/wp-content\/uploads\/2014\/04\/SoutheastChurchContentBanner-1-296x40.jpg?lossy=2&strip=1&webp=1 296w, https:\/\/b463404.smushcdn.com\/463404\/wp-content\/uploads\/2014\/04\/SoutheastChurchContentBanner-1-375x51.jpg?lossy=2&strip=1&webp=1 375w, https:\/\/b463404.smushcdn.com\/463404\/wp-content\/uploads\/2014\/04\/SoutheastChurchContentBanner-1-400x55.jpg?lossy=2&strip=1&webp=1 400w, https:\/\/b463404.smushcdn.com\/463404\/wp-content\/uploads\/2014\/04\/SoutheastChurchContentBanner-1-300x41.jpg?lossy=2&strip=1&webp=1 300w, https:\/\/b463404.smushcdn.com\/463404\/wp-content\/uploads\/2014\/04\/SoutheastChurchContentBanner-1-660x90.jpg?lossy=2&strip=1&webp=1 660w, https:\/\/b463404.smushcdn.com\/463404\/wp-content\/uploads\/2014\/04\/SoutheastChurchContentBanner-1-125x17.jpg?lossy=2&strip=1&webp=1 125w, https:\/\/b463404.smushcdn.com\/463404\/wp-content\/uploads\/2014\/04\/SoutheastChurchContentBanner-1-150x21.jpg?lossy=2&strip=1&webp=1 150w, https:\/\/b463404.smushcdn.com\/463404\/wp-content\/uploads\/2014\/04\/SoutheastChurchContentBanner-1-250x34.jpg?lossy=2&strip=1&webp=1 250w\" sizes=\"(max-width: 695px) 100vw, 695px\" class=\"no-lazyload\" width=\"695\" height=\"95\"  style=\" max-width: 100%; height: auto;\" \/><\/a><\/div><\/div>","protected":false},"excerpt":{"rendered":"<p>The Georgia Bulletin es la fuente de noticias cat\u00f3licas oficial de la Arquidi\u00f3cesis de Atlanta, la cual cubre el medio y norte de Georgia. La mayor parte de su circulaci\u00f3n se concentra en el \u00e1rea metropolitana de Atlanta. Actualmente, nuestra circulaci\u00f3n supera los 64,000 hogares. La edici\u00f3n impresa se publica dos veces al mes, los [&#8230;]<\/p>\n","protected":false},"author":30,"featured_media":0,"parent":0,"menu_order":0,"comment_status":"closed","ping_status":"closed","template":"","meta":{"_acf_changed":false,"_monsterinsights_skip_tracking":false,"_monsterinsights_sitenote_active":false,"_monsterinsights_sitenote_note":"","_monsterinsights_sitenote_category":0,"ngg_post_thumbnail":0,"iawp_total_views":5,"footnotes":""},"class_list":["post-85603","page","type-page","status-publish","hentry"],"acf":[],"_links":{"self":[{"href":"https:\/\/georgiabulletin.org\/es\/wp-json\/wp\/v2\/pages\/85603","targetHints":{"allow":["GET"]}}],"collection":[{"href":"https:\/\/georgiabulletin.org\/es\/wp-json\/wp\/v2\/pages"}],"about":[{"href":"https:\/\/georgiabulletin.org\/es\/wp-json\/wp\/v2\/types\/page"}],"author":[{"embeddable":true,"href":"https:\/\/georgiabulletin.org\/es\/wp-json\/wp\/v2\/users\/30"}],"replies":[{"embeddable":true,"href":"https:\/\/georgiabulletin.org\/es\/wp-json\/wp\/v2\/comments?post=85603"}],"version-history":[{"count":0,"href":"https:\/\/georgiabulletin.org\/es\/wp-json\/wp\/v2\/pages\/85603\/revisions"}],"wp:attachment":[{"href":"https:\/\/georgiabulletin.org\/es\/wp-json\/wp\/v2\/media?parent=85603"}],"curies":[{"name":"wp","href":"https:\/\/api.w.org\/{rel}","templated":true}]}}