{"id":85591,"date":"2013-04-13T18:22:02","date_gmt":"2013-04-13T22:22:02","guid":{"rendered":"https:\/\/georgiabulletin.org\/?page_id=85591"},"modified":"2025-06-05T15:57:49","modified_gmt":"2025-06-05T19:57:49","slug":"sobre-nosotros","status":"publish","type":"page","link":"https:\/\/georgiabulletin.org\/es\/sobre-nosotros\/","title":{"rendered":"Sobre nosotros"},"content":{"rendered":"<p>The Georgia Bulletin, la fuente de noticias oficial de la Arquidi\u00f3cesis de Atlanta, se esfuerza por informar, formar, inspirar, educar y fortalecer la identidad religiosa de los miembros de la comunidad cat\u00f3lica del norte de Georgia, ofreciendo importantes noticias cat\u00f3licas locales, informaci\u00f3n, columnas, comentarios, boletines electronic\u00f3s, pocasts y fotograf\u00edas, as\u00ed como noticias nacionales e internacionales relacionadas con la Iglesia.<\/p>\n<p>En el Georgia Bulletin, buscamos\u2026<\/p>\n<ul>\n<li>Brindar noticias e informaci\u00f3n sobre eventos relevantes para los cat\u00f3licos de la Arquidi\u00f3cesis de Atlanta.<\/li>\n<li>Ofrecer una interpretaci\u00f3n de los eventos y brindar informaci\u00f3n que ayude a los cat\u00f3licos a formarse una opini\u00f3n.<\/li>\n<li>Anunciar la buena nueva de la salvaci\u00f3n e ilustrar las ense\u00f1anzas de la Iglesia mediante art\u00edculos educativos, pero tambi\u00e9n con historias sobre c\u00f3mo la gente local vive su fe cat\u00f3lica.<\/li>\n<li>Proporcionar un intercambio semanal entre el arzobispo y la comunidad arquidiocesana a trav\u00e9s de su columna personal y art\u00edculos period\u00edsticos sobre las prioridades arquidiocesanas.<\/li>\n<li>Fomentar el di\u00e1logo dentro de la Iglesia entre todos los cat\u00f3licos, instituciones y grupos.<\/li>\n<li>Fortalecer un sentido de comunidad en los 69 condados de la arquidi\u00f3cesis para que los lectores del norte, sur, este y oeste conozcan los recursos disponibles en las iglesias vecinas o en l\u00ednea, y reciban cobertura de noticias locales importantes cuando no puedan asistir personalmente a un evento.<\/li>\n<\/ul>\n<p><em>The Georgia Bulletin<\/em> es producido por la Arquidi\u00f3cesis Cat\u00f3lica de Atlanta, 2401 Lake Park Drive, SE, Atlanta, GA 30080. La edici\u00f3n impresa se publica quincenalmente los jueves, con un solo n\u00famero en junio, julio y agosto.<\/p>\n<p>El horario de oficina es de 8 a. m. a 4 p. m., de lunes a viernes.<\/p>\n<p>Para una edici\u00f3n impresa, todo el material editorial y los anuncios para su publicaci\u00f3n deben recibirse antes del mediod\u00eda del jueves para la edici\u00f3n del jueves siguiente.\u00a0<!--:--><\/p>\n<p>Vea el <strong><a href=\"https:\/\/georgiabulletin.org\/wp-content\/uploads\/2025\/01\/Publication-Schedule-2025-2026.pdf\" target=\"_blank\" rel=\"noopener\">calendario de publicaci\u00f3n<\/a><\/strong> de The Georgia Bulletin.<\/p>\n<div class=\"gab-content-809x120px\" id=\"gab-2886343145\"><div class=\"gab-adlabel\">Advertisement<\/div><div id=\"gab-1418785838\" style=\"margin-top: 2px;margin-right: 2px;margin-bottom: 2px;margin-left: 2px;\"><a data-bid=\"1\" data-no-instant=\"1\" href=\"https:\/\/georgiabulletin.org\/es\/linkout\/77915\/\" rel=\"noopener\" class=\"notrack\" target=\"_blank\" aria-label=\"SoutheastChurchContentBanner\"><img src=\"https:\/\/b463404.smushcdn.com\/463404\/wp-content\/uploads\/2014\/04\/SoutheastChurchContentBanner-1.jpg?lossy=2&strip=1&webp=1\" alt=\"\"  srcset=\"https:\/\/b463404.smushcdn.com\/463404\/wp-content\/uploads\/2014\/04\/SoutheastChurchContentBanner-1.jpg?lossy=2&strip=1&webp=1 695w, https:\/\/b463404.smushcdn.com\/463404\/wp-content\/uploads\/2014\/04\/SoutheastChurchContentBanner-1-194x27.jpg?lossy=2&strip=1&webp=1 194w, https:\/\/b463404.smushcdn.com\/463404\/wp-content\/uploads\/2014\/04\/SoutheastChurchContentBanner-1-296x40.jpg?lossy=2&strip=1&webp=1 296w, https:\/\/b463404.smushcdn.com\/463404\/wp-content\/uploads\/2014\/04\/SoutheastChurchContentBanner-1-375x51.jpg?lossy=2&strip=1&webp=1 375w, https:\/\/b463404.smushcdn.com\/463404\/wp-content\/uploads\/2014\/04\/SoutheastChurchContentBanner-1-400x55.jpg?lossy=2&strip=1&webp=1 400w, https:\/\/b463404.smushcdn.com\/463404\/wp-content\/uploads\/2014\/04\/SoutheastChurchContentBanner-1-300x41.jpg?lossy=2&strip=1&webp=1 300w, https:\/\/b463404.smushcdn.com\/463404\/wp-content\/uploads\/2014\/04\/SoutheastChurchContentBanner-1-660x90.jpg?lossy=2&strip=1&webp=1 660w, https:\/\/b463404.smushcdn.com\/463404\/wp-content\/uploads\/2014\/04\/SoutheastChurchContentBanner-1-125x17.jpg?lossy=2&strip=1&webp=1 125w, https:\/\/b463404.smushcdn.com\/463404\/wp-content\/uploads\/2014\/04\/SoutheastChurchContentBanner-1-150x21.jpg?lossy=2&strip=1&webp=1 150w, https:\/\/b463404.smushcdn.com\/463404\/wp-content\/uploads\/2014\/04\/SoutheastChurchContentBanner-1-250x34.jpg?lossy=2&strip=1&webp=1 250w\" sizes=\"(max-width: 695px) 100vw, 695px\" class=\"no-lazyload\" width=\"695\" height=\"95\"  style=\" max-width: 100%; height: auto;\" \/><\/a><\/div><\/div>","protected":false},"excerpt":{"rendered":"<p>The Georgia Bulletin, la fuente de noticias oficial de la Arquidi\u00f3cesis de Atlanta, se esfuerza por informar, formar, inspirar, educar y fortalecer la identidad religiosa de los miembros de la comunidad cat\u00f3lica del norte de Georgia, ofreciendo importantes noticias cat\u00f3licas locales, informaci\u00f3n, columnas, comentarios, boletines electronic\u00f3s, pocasts y fotograf\u00edas, as\u00ed como noticias nacionales e internacionales [&hellip;] <a class=\"read-more first\" href=\"https:\/\/georgiabulletin.org\/about-us\/\">Full&nbsp;Story<\/a>&nbsp;<span class=\"separator\">|<\/span>&nbsp;<a class=\"read-more\" href=\"https:\/\/georgiabulletin.org\/es\/sobre-nosotros\/\">En&nbsp;Espa&ntilde;ol<\/a><\/p>\n","protected":false},"author":30,"featured_media":0,"parent":0,"menu_order":0,"comment_status":"closed","ping_status":"closed","template":"","meta":{"_acf_changed":false,"_monsterinsights_skip_tracking":false,"_monsterinsights_sitenote_active":false,"_monsterinsights_sitenote_note":"","_monsterinsights_sitenote_category":0,"ngg_post_thumbnail":0,"iawp_total_views":12,"footnotes":""},"class_list":["post-85591","page","type-page","status-publish","hentry"],"acf":[],"_links":{"self":[{"href":"https:\/\/georgiabulletin.org\/es\/wp-json\/wp\/v2\/pages\/85591","targetHints":{"allow":["GET"]}}],"collection":[{"href":"https:\/\/georgiabulletin.org\/es\/wp-json\/wp\/v2\/pages"}],"about":[{"href":"https:\/\/georgiabulletin.org\/es\/wp-json\/wp\/v2\/types\/page"}],"author":[{"embeddable":true,"href":"https:\/\/georgiabulletin.org\/es\/wp-json\/wp\/v2\/users\/30"}],"replies":[{"embeddable":true,"href":"https:\/\/georgiabulletin.org\/es\/wp-json\/wp\/v2\/comments?post=85591"}],"version-history":[{"count":0,"href":"https:\/\/georgiabulletin.org\/es\/wp-json\/wp\/v2\/pages\/85591\/revisions"}],"wp:attachment":[{"href":"https:\/\/georgiabulletin.org\/es\/wp-json\/wp\/v2\/media?parent=85591"}],"curies":[{"name":"wp","href":"https:\/\/api.w.org\/{rel}","templated":true}]}}