{"id":85587,"date":"2019-04-10T09:01:46","date_gmt":"2019-04-10T13:01:46","guid":{"rendered":"https:\/\/georgiabulletin.org\/?page_id=85587"},"modified":"2025-06-05T15:24:55","modified_gmt":"2025-06-05T19:24:55","slug":"ediciones-anteriores","status":"publish","type":"page","link":"https:\/\/georgiabulletin.org\/es\/archivos\/ediciones-anteriores\/","title":{"rendered":"Ediciones anteriores"},"content":{"rendered":"<p>\u00bfBusca un art\u00edculo o columna de un n\u00famero anterior? Haga clic en cualquiera de las im\u00e1genes de portada de The Georgia Bulletin a continuaci\u00f3n para acceder a enlaces a algunos de los art\u00edculos publicados en esa edici\u00f3n impresa. Si tine preguntas, por favor escriba a <a href=\"mailto:editor@georgiabulletin.org\" target=\"_blank\" rel=\"noopener\">editor@georgiabulletin.org<\/a>. Gracias por leer.<\/p>\n<div class=\"gab-content-809x120px gab-entity-placement\" id=\"gab-678473371\"><div class=\"gab-adlabel\">Advertisement<\/div><div id=\"gab-2569529131\" style=\"margin-top: 2px;margin-right: 2px;margin-bottom: 2px;margin-left: 2px;\"><a data-bid=\"1\" data-no-instant=\"1\" href=\"https:\/\/georgiabulletin.org\/es\/linkout\/77915\/\" rel=\"noopener\" class=\"notrack\" target=\"_blank\" aria-label=\"SoutheastChurchContentBanner\"><img src=\"https:\/\/b463404.smushcdn.com\/463404\/wp-content\/uploads\/2014\/04\/SoutheastChurchContentBanner-1.jpg?lossy=2&strip=1&webp=1\" alt=\"\"  srcset=\"https:\/\/b463404.smushcdn.com\/463404\/wp-content\/uploads\/2014\/04\/SoutheastChurchContentBanner-1.jpg?lossy=2&strip=1&webp=1 695w, https:\/\/b463404.smushcdn.com\/463404\/wp-content\/uploads\/2014\/04\/SoutheastChurchContentBanner-1-194x27.jpg?lossy=2&strip=1&webp=1 194w, https:\/\/b463404.smushcdn.com\/463404\/wp-content\/uploads\/2014\/04\/SoutheastChurchContentBanner-1-296x40.jpg?lossy=2&strip=1&webp=1 296w, https:\/\/b463404.smushcdn.com\/463404\/wp-content\/uploads\/2014\/04\/SoutheastChurchContentBanner-1-375x51.jpg?lossy=2&strip=1&webp=1 375w, https:\/\/b463404.smushcdn.com\/463404\/wp-content\/uploads\/2014\/04\/SoutheastChurchContentBanner-1-400x55.jpg?lossy=2&strip=1&webp=1 400w, https:\/\/b463404.smushcdn.com\/463404\/wp-content\/uploads\/2014\/04\/SoutheastChurchContentBanner-1-300x41.jpg?lossy=2&strip=1&webp=1 300w, https:\/\/b463404.smushcdn.com\/463404\/wp-content\/uploads\/2014\/04\/SoutheastChurchContentBanner-1-660x90.jpg?lossy=2&strip=1&webp=1 660w, https:\/\/b463404.smushcdn.com\/463404\/wp-content\/uploads\/2014\/04\/SoutheastChurchContentBanner-1-125x17.jpg?lossy=2&strip=1&webp=1 125w, https:\/\/b463404.smushcdn.com\/463404\/wp-content\/uploads\/2014\/04\/SoutheastChurchContentBanner-1-150x21.jpg?lossy=2&strip=1&webp=1 150w, https:\/\/b463404.smushcdn.com\/463404\/wp-content\/uploads\/2014\/04\/SoutheastChurchContentBanner-1-250x34.jpg?lossy=2&strip=1&webp=1 250w\" sizes=\"(max-width: 695px) 100vw, 695px\" class=\"no-lazyload\" width=\"695\" height=\"95\"  style=\" max-width: 100%; height: auto;\" \/><\/a><\/div><\/div>","protected":false},"excerpt":{"rendered":"<p>\u00bfBusca un art\u00edculo o columna de un n\u00famero anterior? Haga clic en cualquiera de las im\u00e1genes de portada de The Georgia Bulletin a continuaci\u00f3n para acceder a enlaces a algunos de los art\u00edculos publicados en esa edici\u00f3n impresa. Si tine preguntas, por favor escriba a editor@georgiabulletin.org. Gracias por leer.<\/p>\n","protected":false},"author":30,"featured_media":0,"parent":85585,"menu_order":0,"comment_status":"closed","ping_status":"closed","template":"","meta":{"_acf_changed":false,"_monsterinsights_skip_tracking":false,"_monsterinsights_sitenote_active":false,"_monsterinsights_sitenote_note":"","_monsterinsights_sitenote_category":0,"ngg_post_thumbnail":0,"iawp_total_views":3,"footnotes":""},"class_list":["post-85587","page","type-page","status-publish","hentry"],"acf":[],"_links":{"self":[{"href":"https:\/\/georgiabulletin.org\/es\/wp-json\/wp\/v2\/pages\/85587","targetHints":{"allow":["GET"]}}],"collection":[{"href":"https:\/\/georgiabulletin.org\/es\/wp-json\/wp\/v2\/pages"}],"about":[{"href":"https:\/\/georgiabulletin.org\/es\/wp-json\/wp\/v2\/types\/page"}],"author":[{"embeddable":true,"href":"https:\/\/georgiabulletin.org\/es\/wp-json\/wp\/v2\/users\/30"}],"replies":[{"embeddable":true,"href":"https:\/\/georgiabulletin.org\/es\/wp-json\/wp\/v2\/comments?post=85587"}],"version-history":[{"count":0,"href":"https:\/\/georgiabulletin.org\/es\/wp-json\/wp\/v2\/pages\/85587\/revisions"}],"up":[{"embeddable":true,"href":"https:\/\/georgiabulletin.org\/es\/wp-json\/wp\/v2\/pages\/85585"}],"wp:attachment":[{"href":"https:\/\/georgiabulletin.org\/es\/wp-json\/wp\/v2\/media?parent=85587"}],"curies":[{"name":"wp","href":"https:\/\/api.w.org\/{rel}","templated":true}]}}