{"id":69151,"date":"2013-04-13T18:35:59","date_gmt":"2013-04-13T22:35:59","guid":{"rendered":"https:\/\/georgiabulletin.org\/home\/"},"modified":"2025-06-11T13:37:49","modified_gmt":"2025-06-11T17:37:49","slug":"home","status":"publish","type":"page","link":"https:\/\/georgiabulletin.org\/es\/","title":{"rendered":"P\u00e1gina principal"},"content":{"rendered":"<p><!--:en--><em>The Georgia Bulletin<\/em>, el peri\u00f3dico oficial de la Arquidi\u00f3cesis de Atlanta, se esfuerza por informar, formar, inspirar, educar y fortalecer la identidad religiosa de los miembros de la comunidad cat\u00f3lica del norte de Georgia al proporcionar importantes noticias cat\u00f3licas locales, informaci\u00f3n, columnas, comentarios y fotograf\u00edas, adem\u00e1s de noticias nacionales e internacionales relacionadas con la Iglesia.<\/p>\n<p><!--:--><\/p>\n<div class=\"gab-content-809x120px gab-entity-placement\" id=\"gab-3697013754\"><div class=\"gab-adlabel\">Advertisement<\/div><div id=\"gab-454770786\" style=\"margin-top: 2px;margin-right: 2px;margin-bottom: 2px;margin-left: 2px;\"><a data-bid=\"1\" data-no-instant=\"1\" href=\"https:\/\/georgiabulletin.org\/es\/linkout\/77915\/\" rel=\"noopener\" class=\"notrack\" target=\"_blank\" aria-label=\"SoutheastChurchContentBanner\"><img src=\"https:\/\/b463404.smushcdn.com\/463404\/wp-content\/uploads\/2014\/04\/SoutheastChurchContentBanner-1.jpg?lossy=2&strip=1&webp=1\" alt=\"\"  srcset=\"https:\/\/b463404.smushcdn.com\/463404\/wp-content\/uploads\/2014\/04\/SoutheastChurchContentBanner-1.jpg?lossy=2&strip=1&webp=1 695w, https:\/\/b463404.smushcdn.com\/463404\/wp-content\/uploads\/2014\/04\/SoutheastChurchContentBanner-1-194x27.jpg?lossy=2&strip=1&webp=1 194w, https:\/\/b463404.smushcdn.com\/463404\/wp-content\/uploads\/2014\/04\/SoutheastChurchContentBanner-1-296x40.jpg?lossy=2&strip=1&webp=1 296w, https:\/\/b463404.smushcdn.com\/463404\/wp-content\/uploads\/2014\/04\/SoutheastChurchContentBanner-1-375x51.jpg?lossy=2&strip=1&webp=1 375w, https:\/\/b463404.smushcdn.com\/463404\/wp-content\/uploads\/2014\/04\/SoutheastChurchContentBanner-1-400x55.jpg?lossy=2&strip=1&webp=1 400w, https:\/\/b463404.smushcdn.com\/463404\/wp-content\/uploads\/2014\/04\/SoutheastChurchContentBanner-1-300x41.jpg?lossy=2&strip=1&webp=1 300w, https:\/\/b463404.smushcdn.com\/463404\/wp-content\/uploads\/2014\/04\/SoutheastChurchContentBanner-1-660x90.jpg?lossy=2&strip=1&webp=1 660w, https:\/\/b463404.smushcdn.com\/463404\/wp-content\/uploads\/2014\/04\/SoutheastChurchContentBanner-1-125x17.jpg?lossy=2&strip=1&webp=1 125w, https:\/\/b463404.smushcdn.com\/463404\/wp-content\/uploads\/2014\/04\/SoutheastChurchContentBanner-1-150x21.jpg?lossy=2&strip=1&webp=1 150w, https:\/\/b463404.smushcdn.com\/463404\/wp-content\/uploads\/2014\/04\/SoutheastChurchContentBanner-1-250x34.jpg?lossy=2&strip=1&webp=1 250w\" sizes=\"(max-width: 695px) 100vw, 695px\" class=\"no-lazyload\" width=\"695\" height=\"95\"  style=\" max-width: 100%; height: auto;\" \/><\/a><\/div><\/div>","protected":false},"excerpt":{"rendered":"<p>The Georgia Bulletin, el peri\u00f3dico oficial de la Arquidi\u00f3cesis de Atlanta, se esfuerza por informar, formar, inspirar, educar y fortalecer la identidad religiosa de los miembros de la comunidad cat\u00f3lica del norte de Georgia al proporcionar importantes noticias cat\u00f3licas locales, informaci\u00f3n, columnas, comentarios y fotograf\u00edas, adem\u00e1s de noticias nacionales e internacionales relacionadas con la Iglesia.<\/p>\n","protected":false},"author":4,"featured_media":0,"parent":0,"menu_order":0,"comment_status":"closed","ping_status":"closed","template":"","meta":{"_acf_changed":false,"_monsterinsights_skip_tracking":false,"_monsterinsights_sitenote_active":false,"_monsterinsights_sitenote_note":"","_monsterinsights_sitenote_category":0,"ngg_post_thumbnail":0,"iawp_total_views":2310,"footnotes":""},"class_list":["post-69151","page","type-page","status-publish","hentry"],"acf":[],"_links":{"self":[{"href":"https:\/\/georgiabulletin.org\/es\/wp-json\/wp\/v2\/pages\/69151","targetHints":{"allow":["GET"]}}],"collection":[{"href":"https:\/\/georgiabulletin.org\/es\/wp-json\/wp\/v2\/pages"}],"about":[{"href":"https:\/\/georgiabulletin.org\/es\/wp-json\/wp\/v2\/types\/page"}],"author":[{"embeddable":true,"href":"https:\/\/georgiabulletin.org\/es\/wp-json\/wp\/v2\/users\/4"}],"replies":[{"embeddable":true,"href":"https:\/\/georgiabulletin.org\/es\/wp-json\/wp\/v2\/comments?post=69151"}],"version-history":[{"count":0,"href":"https:\/\/georgiabulletin.org\/es\/wp-json\/wp\/v2\/pages\/69151\/revisions"}],"wp:attachment":[{"href":"https:\/\/georgiabulletin.org\/es\/wp-json\/wp\/v2\/media?parent=69151"}],"curies":[{"name":"wp","href":"https:\/\/api.w.org\/{rel}","templated":true}]}}